{"id":1050,"date":"2023-01-03T09:06:00","date_gmt":"2023-01-03T09:06:00","guid":{"rendered":"https:\/\/kbconciergerie.eu\/?page_id=1050"},"modified":"2026-01-29T09:51:43","modified_gmt":"2026-01-29T09:51:43","slug":"paris-19em-atelier-dartiste-restaure","status":"publish","type":"page","link":"https:\/\/kbconciergerie.eu\/?page_id=1050","title":{"rendered":"Paris 19em &#8211; Atelier d&rsquo;artiste restaur\u00e9"},"content":{"rendered":"\n<p>\u00c0 quelques pas de la place des F\u00eates et du m\u00e9tro, cet atelier est totalement \u00e0 l&rsquo;abri des regards dans un \u00e9crin de verdure totalement priv\u00e9, accessible uniquement par un \u00e9troit passage ferm\u00e9 sur la rue. <\/p>\n\n\n\n<p>Le calme garanti, la campagne \u00e0 la ville et tout cela \u00e0 5 min \u00e0 pied du parc de Buttes-Chaumont.<\/p>\n\n\n\n<p>70 m\u00b2  sous verri\u00e8re, aucune porte int\u00e9rieure sauf celle de la salle de bain.<\/p>\n\n\n\n<figure class=\"wp-block-gallery has-nested-images columns-default is-cropped wp-block-gallery-1 is-layout-flex wp-block-gallery-is-layout-flex\">\n<figure class=\"wp-block-image size-large\"><img loading=\"lazy\" decoding=\"async\" width=\"1024\" height=\"578\" data-id=\"1054\" src=\"https:\/\/kbconciergerie.eu\/wp-content\/uploads\/2023\/01\/10adziao-1-1024x578.jpg\" alt=\"\" class=\"wp-image-1054\" srcset=\"https:\/\/kbconciergerie.eu\/wp-content\/uploads\/2023\/01\/10adziao-1-1024x578.jpg 1024w, https:\/\/kbconciergerie.eu\/wp-content\/uploads\/2023\/01\/10adziao-1-300x169.jpg 300w, https:\/\/kbconciergerie.eu\/wp-content\/uploads\/2023\/01\/10adziao-1-768x433.jpg 768w, https:\/\/kbconciergerie.eu\/wp-content\/uploads\/2023\/01\/10adziao-1.jpg 1500w\" sizes=\"auto, (max-width: 1024px) 100vw, 1024px\" \/><\/figure>\n\n\n\n<figure class=\"wp-block-image size-large\"><img loading=\"lazy\" decoding=\"async\" width=\"1024\" height=\"578\" data-id=\"1055\" src=\"https:\/\/kbconciergerie.eu\/wp-content\/uploads\/2023\/01\/kP83wqRY-1024x578.jpg\" alt=\"\" class=\"wp-image-1055\" srcset=\"https:\/\/kbconciergerie.eu\/wp-content\/uploads\/2023\/01\/kP83wqRY-1024x578.jpg 1024w, https:\/\/kbconciergerie.eu\/wp-content\/uploads\/2023\/01\/kP83wqRY-300x169.jpg 300w, https:\/\/kbconciergerie.eu\/wp-content\/uploads\/2023\/01\/kP83wqRY-768x433.jpg 768w, https:\/\/kbconciergerie.eu\/wp-content\/uploads\/2023\/01\/kP83wqRY.jpg 1500w\" sizes=\"auto, (max-width: 1024px) 100vw, 1024px\" \/><\/figure>\n<figcaption class=\"blocks-gallery-caption wp-element-caption\">Atelier d&rsquo;artiste cach\u00e9 disposant de son jardin <\/figcaption><\/figure>\n\n\n\n<figure class=\"wp-block-gallery has-nested-images columns-default is-cropped wp-block-gallery-2 is-layout-flex wp-block-gallery-is-layout-flex\">\n<figure class=\"wp-block-image size-large\"><img loading=\"lazy\" decoding=\"async\" width=\"1024\" height=\"578\" data-id=\"1191\" src=\"https:\/\/kbconciergerie.eu\/wp-content\/uploads\/2023\/01\/DSC_0180-1024x578.jpg\" alt=\"\" class=\"wp-image-1191\" srcset=\"https:\/\/kbconciergerie.eu\/wp-content\/uploads\/2023\/01\/DSC_0180-1024x578.jpg 1024w, https:\/\/kbconciergerie.eu\/wp-content\/uploads\/2023\/01\/DSC_0180-300x169.jpg 300w, https:\/\/kbconciergerie.eu\/wp-content\/uploads\/2023\/01\/DSC_0180-768x433.jpg 768w, https:\/\/kbconciergerie.eu\/wp-content\/uploads\/2023\/01\/DSC_0180.jpg 1500w\" sizes=\"auto, (max-width: 1024px) 100vw, 1024px\" \/><\/figure>\n\n\n\n<figure class=\"wp-block-image size-large\"><img loading=\"lazy\" decoding=\"async\" width=\"578\" height=\"1024\" data-id=\"1067\" src=\"https:\/\/kbconciergerie.eu\/wp-content\/uploads\/2023\/01\/uqLOx2B8-578x1024.jpg\" alt=\"\" class=\"wp-image-1067\" srcset=\"https:\/\/kbconciergerie.eu\/wp-content\/uploads\/2023\/01\/uqLOx2B8-578x1024.jpg 578w, https:\/\/kbconciergerie.eu\/wp-content\/uploads\/2023\/01\/uqLOx2B8-169x300.jpg 169w, https:\/\/kbconciergerie.eu\/wp-content\/uploads\/2023\/01\/uqLOx2B8-768x1361.jpg 768w, https:\/\/kbconciergerie.eu\/wp-content\/uploads\/2023\/01\/uqLOx2B8-866x1536.jpg 866w, https:\/\/kbconciergerie.eu\/wp-content\/uploads\/2023\/01\/uqLOx2B8-1155x2048.jpg 1155w, https:\/\/kbconciergerie.eu\/wp-content\/uploads\/2023\/01\/uqLOx2B8-1024x1815.jpg 1024w, https:\/\/kbconciergerie.eu\/wp-content\/uploads\/2023\/01\/uqLOx2B8-609x1080.jpg 609w, https:\/\/kbconciergerie.eu\/wp-content\/uploads\/2023\/01\/uqLOx2B8-scaled.jpg 1444w\" sizes=\"auto, (max-width: 578px) 100vw, 578px\" \/><\/figure>\n\n\n\n<figure class=\"wp-block-image size-large\"><img loading=\"lazy\" decoding=\"async\" width=\"578\" height=\"1024\" data-id=\"1075\" src=\"https:\/\/kbconciergerie.eu\/wp-content\/uploads\/2023\/01\/wh7kOQZQ-578x1024.jpg\" alt=\"\" class=\"wp-image-1075\" srcset=\"https:\/\/kbconciergerie.eu\/wp-content\/uploads\/2023\/01\/wh7kOQZQ-578x1024.jpg 578w, https:\/\/kbconciergerie.eu\/wp-content\/uploads\/2023\/01\/wh7kOQZQ-169x300.jpg 169w, https:\/\/kbconciergerie.eu\/wp-content\/uploads\/2023\/01\/wh7kOQZQ-768x1361.jpg 768w, https:\/\/kbconciergerie.eu\/wp-content\/uploads\/2023\/01\/wh7kOQZQ-866x1536.jpg 866w, https:\/\/kbconciergerie.eu\/wp-content\/uploads\/2023\/01\/wh7kOQZQ-1155x2048.jpg 1155w, https:\/\/kbconciergerie.eu\/wp-content\/uploads\/2023\/01\/wh7kOQZQ-1024x1815.jpg 1024w, https:\/\/kbconciergerie.eu\/wp-content\/uploads\/2023\/01\/wh7kOQZQ-609x1080.jpg 609w, https:\/\/kbconciergerie.eu\/wp-content\/uploads\/2023\/01\/wh7kOQZQ-scaled.jpg 1444w\" sizes=\"auto, (max-width: 578px) 100vw, 578px\" \/><\/figure>\n\n\n\n<figure class=\"wp-block-image size-large\"><img loading=\"lazy\" decoding=\"async\" width=\"578\" height=\"1024\" data-id=\"1074\" src=\"https:\/\/kbconciergerie.eu\/wp-content\/uploads\/2023\/01\/u0ESRZNk-578x1024.jpg\" alt=\"\" class=\"wp-image-1074\" srcset=\"https:\/\/kbconciergerie.eu\/wp-content\/uploads\/2023\/01\/u0ESRZNk-578x1024.jpg 578w, https:\/\/kbconciergerie.eu\/wp-content\/uploads\/2023\/01\/u0ESRZNk-169x300.jpg 169w, https:\/\/kbconciergerie.eu\/wp-content\/uploads\/2023\/01\/u0ESRZNk-768x1361.jpg 768w, https:\/\/kbconciergerie.eu\/wp-content\/uploads\/2023\/01\/u0ESRZNk-866x1536.jpg 866w, https:\/\/kbconciergerie.eu\/wp-content\/uploads\/2023\/01\/u0ESRZNk-1155x2048.jpg 1155w, https:\/\/kbconciergerie.eu\/wp-content\/uploads\/2023\/01\/u0ESRZNk-1024x1815.jpg 1024w, https:\/\/kbconciergerie.eu\/wp-content\/uploads\/2023\/01\/u0ESRZNk-609x1080.jpg 609w, https:\/\/kbconciergerie.eu\/wp-content\/uploads\/2023\/01\/u0ESRZNk-scaled.jpg 1444w\" sizes=\"auto, (max-width: 578px) 100vw, 578px\" \/><\/figure>\n\n\n\n<figure class=\"wp-block-image size-full\"><img loading=\"lazy\" decoding=\"async\" width=\"1500\" height=\"846\" data-id=\"1072\" src=\"https:\/\/kbconciergerie.eu\/wp-content\/uploads\/2023\/01\/eIubQMO4.jpg\" alt=\"\" class=\"wp-image-1072\" srcset=\"https:\/\/kbconciergerie.eu\/wp-content\/uploads\/2023\/01\/eIubQMO4.jpg 1500w, https:\/\/kbconciergerie.eu\/wp-content\/uploads\/2023\/01\/eIubQMO4-300x169.jpg 300w, https:\/\/kbconciergerie.eu\/wp-content\/uploads\/2023\/01\/eIubQMO4-1024x578.jpg 1024w, https:\/\/kbconciergerie.eu\/wp-content\/uploads\/2023\/01\/eIubQMO4-768x433.jpg 768w\" sizes=\"auto, (max-width: 1500px) 100vw, 1500px\" \/><\/figure>\n<\/figure>\n\n\n\n<figure class=\"wp-block-image size-large\"><img loading=\"lazy\" decoding=\"async\" width=\"1024\" height=\"578\" src=\"https:\/\/kbconciergerie.eu\/wp-content\/uploads\/2023\/01\/CnoBWVQk-1-1024x578.jpg\" alt=\"\" class=\"wp-image-1064\" srcset=\"https:\/\/kbconciergerie.eu\/wp-content\/uploads\/2023\/01\/CnoBWVQk-1-1024x578.jpg 1024w, https:\/\/kbconciergerie.eu\/wp-content\/uploads\/2023\/01\/CnoBWVQk-1-300x169.jpg 300w, https:\/\/kbconciergerie.eu\/wp-content\/uploads\/2023\/01\/CnoBWVQk-1-768x433.jpg 768w, https:\/\/kbconciergerie.eu\/wp-content\/uploads\/2023\/01\/CnoBWVQk-1.jpg 1500w\" sizes=\"auto, (max-width: 1024px) 100vw, 1024px\" \/><\/figure>\n\n\n\n<figure class=\"wp-block-gallery has-nested-images columns-default is-cropped wp-block-gallery-3 is-layout-flex wp-block-gallery-is-layout-flex\">\n<figure class=\"wp-block-image size-large\"><img loading=\"lazy\" decoding=\"async\" width=\"578\" height=\"1024\" data-id=\"1065\" src=\"https:\/\/kbconciergerie.eu\/wp-content\/uploads\/2023\/01\/jU6FU9g8-578x1024.jpg\" alt=\"\" class=\"wp-image-1065\" srcset=\"https:\/\/kbconciergerie.eu\/wp-content\/uploads\/2023\/01\/jU6FU9g8-578x1024.jpg 578w, https:\/\/kbconciergerie.eu\/wp-content\/uploads\/2023\/01\/jU6FU9g8-169x300.jpg 169w, https:\/\/kbconciergerie.eu\/wp-content\/uploads\/2023\/01\/jU6FU9g8-768x1361.jpg 768w, https:\/\/kbconciergerie.eu\/wp-content\/uploads\/2023\/01\/jU6FU9g8-866x1536.jpg 866w, https:\/\/kbconciergerie.eu\/wp-content\/uploads\/2023\/01\/jU6FU9g8-1155x2048.jpg 1155w, https:\/\/kbconciergerie.eu\/wp-content\/uploads\/2023\/01\/jU6FU9g8-1024x1815.jpg 1024w, https:\/\/kbconciergerie.eu\/wp-content\/uploads\/2023\/01\/jU6FU9g8-609x1080.jpg 609w, https:\/\/kbconciergerie.eu\/wp-content\/uploads\/2023\/01\/jU6FU9g8-scaled.jpg 1444w\" sizes=\"auto, (max-width: 578px) 100vw, 578px\" \/><\/figure>\n\n\n\n<figure class=\"wp-block-image size-large\"><img loading=\"lazy\" decoding=\"async\" width=\"578\" height=\"1024\" data-id=\"1057\" src=\"https:\/\/kbconciergerie.eu\/wp-content\/uploads\/2023\/01\/Pn-aqozw-578x1024.jpg\" alt=\"\" class=\"wp-image-1057\" srcset=\"https:\/\/kbconciergerie.eu\/wp-content\/uploads\/2023\/01\/Pn-aqozw-578x1024.jpg 578w, https:\/\/kbconciergerie.eu\/wp-content\/uploads\/2023\/01\/Pn-aqozw-169x300.jpg 169w, https:\/\/kbconciergerie.eu\/wp-content\/uploads\/2023\/01\/Pn-aqozw-768x1361.jpg 768w, https:\/\/kbconciergerie.eu\/wp-content\/uploads\/2023\/01\/Pn-aqozw-866x1536.jpg 866w, https:\/\/kbconciergerie.eu\/wp-content\/uploads\/2023\/01\/Pn-aqozw-1155x2048.jpg 1155w, https:\/\/kbconciergerie.eu\/wp-content\/uploads\/2023\/01\/Pn-aqozw-1024x1815.jpg 1024w, https:\/\/kbconciergerie.eu\/wp-content\/uploads\/2023\/01\/Pn-aqozw-609x1080.jpg 609w, https:\/\/kbconciergerie.eu\/wp-content\/uploads\/2023\/01\/Pn-aqozw-scaled.jpg 1444w\" sizes=\"auto, (max-width: 578px) 100vw, 578px\" \/><\/figure>\n\n\n\n<figure class=\"wp-block-image size-large\"><img loading=\"lazy\" decoding=\"async\" width=\"578\" height=\"1024\" data-id=\"1056\" src=\"https:\/\/kbconciergerie.eu\/wp-content\/uploads\/2023\/01\/Nn4amUI0-578x1024.jpg\" alt=\"\" class=\"wp-image-1056\" srcset=\"https:\/\/kbconciergerie.eu\/wp-content\/uploads\/2023\/01\/Nn4amUI0-578x1024.jpg 578w, https:\/\/kbconciergerie.eu\/wp-content\/uploads\/2023\/01\/Nn4amUI0-169x300.jpg 169w, https:\/\/kbconciergerie.eu\/wp-content\/uploads\/2023\/01\/Nn4amUI0-768x1361.jpg 768w, https:\/\/kbconciergerie.eu\/wp-content\/uploads\/2023\/01\/Nn4amUI0-866x1536.jpg 866w, https:\/\/kbconciergerie.eu\/wp-content\/uploads\/2023\/01\/Nn4amUI0-1155x2048.jpg 1155w, https:\/\/kbconciergerie.eu\/wp-content\/uploads\/2023\/01\/Nn4amUI0-1024x1815.jpg 1024w, https:\/\/kbconciergerie.eu\/wp-content\/uploads\/2023\/01\/Nn4amUI0-609x1080.jpg 609w, https:\/\/kbconciergerie.eu\/wp-content\/uploads\/2023\/01\/Nn4amUI0-scaled.jpg 1444w\" sizes=\"auto, (max-width: 578px) 100vw, 578px\" \/><\/figure>\n<\/figure>\n","protected":false},"excerpt":{"rendered":"<p>\u00c0 quelques pas de la place des F\u00eates et du m\u00e9tro, cet atelier est totalement \u00e0 l&rsquo;abri des regards dans un \u00e9crin de verdure totalement priv\u00e9, accessible uniquement par un \u00e9troit passage ferm\u00e9 sur la rue. Le calme garanti, la campagne \u00e0 la ville et tout cela \u00e0 5 min \u00e0 pied du parc de&hellip; <br \/> <a class=\"read-more\" href=\"https:\/\/kbconciergerie.eu\/?page_id=1050\">Lire la suite<\/a><\/p>\n","protected":false},"author":1,"featured_media":0,"parent":0,"menu_order":0,"comment_status":"closed","ping_status":"closed","template":"","meta":{"footnotes":""},"class_list":["post-1050","page","type-page","status-publish","hentry"],"_links":{"self":[{"href":"https:\/\/kbconciergerie.eu\/index.php?rest_route=\/wp\/v2\/pages\/1050","targetHints":{"allow":["GET"]}}],"collection":[{"href":"https:\/\/kbconciergerie.eu\/index.php?rest_route=\/wp\/v2\/pages"}],"about":[{"href":"https:\/\/kbconciergerie.eu\/index.php?rest_route=\/wp\/v2\/types\/page"}],"author":[{"embeddable":true,"href":"https:\/\/kbconciergerie.eu\/index.php?rest_route=\/wp\/v2\/users\/1"}],"replies":[{"embeddable":true,"href":"https:\/\/kbconciergerie.eu\/index.php?rest_route=%2Fwp%2Fv2%2Fcomments&post=1050"}],"version-history":[{"count":5,"href":"https:\/\/kbconciergerie.eu\/index.php?rest_route=\/wp\/v2\/pages\/1050\/revisions"}],"predecessor-version":[{"id":2419,"href":"https:\/\/kbconciergerie.eu\/index.php?rest_route=\/wp\/v2\/pages\/1050\/revisions\/2419"}],"wp:attachment":[{"href":"https:\/\/kbconciergerie.eu\/index.php?rest_route=%2Fwp%2Fv2%2Fmedia&parent=1050"}],"curies":[{"name":"wp","href":"https:\/\/api.w.org\/{rel}","templated":true}]}}