{"id":1081,"date":"2023-01-03T09:23:31","date_gmt":"2023-01-03T09:23:31","guid":{"rendered":"https:\/\/kbconciergerie.eu\/?page_id=1081"},"modified":"2023-01-24T12:10:11","modified_gmt":"2023-01-24T12:10:11","slug":"vedette-marine-port-aux-cerises","status":"publish","type":"page","link":"https:\/\/kbconciergerie.eu\/?page_id=1081","title":{"rendered":"Paris-Port aux Cerises &#8211; Trawler Marin"},"content":{"rendered":"\n<p>L&rsquo;\u00cele de loisirs du Port-aux-Cerises est une base de plein air et de loisirs situ\u00e9e dans le d\u00e9partement de l&rsquo;Essonne, sur le territoire des communes de Draveil et Vigneux-sur-Seine. Elle est l&rsquo;une des douze \u00eeles de loisirs de la r\u00e9gion \u00cele-de-France. Elle est situ\u00e9e \u00e0 20 km au sud de Paris et \u00e0 10 km d&rsquo;\u00c9vry. RER \u00e0 10 min \u00e0 pied, il suffit de traverser la seine.<\/p>\n\n\n\n<p>Trawler de 15 m\u00e8tres offrant une belle cabine propri\u00e9taire (lit king size) et deux salles de bains pour les amoureux de la nature et des habitats nautiques. Le bateau reste \u00e0 quai pour accueillir les h\u00f4tes, il est  cependant possible de naviguer quelques heures sur la Seine avec un professionnel exp\u00e9riment\u00e9 fourni par nos soins).<\/p>\n\n\n\n<p><\/p>\n\n\n\n<figure class=\"wp-block-gallery has-nested-images columns-default is-cropped wp-block-gallery-1 is-layout-flex wp-block-gallery-is-layout-flex\">\n<figure class=\"wp-block-image size-large\"><img loading=\"lazy\" decoding=\"async\" width=\"1024\" height=\"576\" data-id=\"1083\" src=\"https:\/\/kbconciergerie.eu\/wp-content\/uploads\/2023\/01\/NTVEdapU-1024x576.jpg\" alt=\"\" class=\"wp-image-1083\" srcset=\"https:\/\/kbconciergerie.eu\/wp-content\/uploads\/2023\/01\/NTVEdapU-1024x576.jpg 1024w, https:\/\/kbconciergerie.eu\/wp-content\/uploads\/2023\/01\/NTVEdapU-300x169.jpg 300w, https:\/\/kbconciergerie.eu\/wp-content\/uploads\/2023\/01\/NTVEdapU-768x432.jpg 768w, https:\/\/kbconciergerie.eu\/wp-content\/uploads\/2023\/01\/NTVEdapU-1536x864.jpg 1536w, https:\/\/kbconciergerie.eu\/wp-content\/uploads\/2023\/01\/NTVEdapU.jpg 1600w\" sizes=\"auto, (max-width: 1024px) 100vw, 1024px\" \/><\/figure>\n\n\n\n<figure class=\"wp-block-image size-large\"><img loading=\"lazy\" decoding=\"async\" width=\"1024\" height=\"768\" data-id=\"1084\" src=\"https:\/\/kbconciergerie.eu\/wp-content\/uploads\/2023\/01\/8mrEPqp0-1024x768.jpg\" alt=\"\" class=\"wp-image-1084\" srcset=\"https:\/\/kbconciergerie.eu\/wp-content\/uploads\/2023\/01\/8mrEPqp0-1024x768.jpg 1024w, https:\/\/kbconciergerie.eu\/wp-content\/uploads\/2023\/01\/8mrEPqp0-300x225.jpg 300w, https:\/\/kbconciergerie.eu\/wp-content\/uploads\/2023\/01\/8mrEPqp0-768x576.jpg 768w, https:\/\/kbconciergerie.eu\/wp-content\/uploads\/2023\/01\/8mrEPqp0-1536x1152.jpg 1536w, https:\/\/kbconciergerie.eu\/wp-content\/uploads\/2023\/01\/8mrEPqp0-1440x1080.jpg 1440w, https:\/\/kbconciergerie.eu\/wp-content\/uploads\/2023\/01\/8mrEPqp0.jpg 1600w\" sizes=\"auto, (max-width: 1024px) 100vw, 1024px\" \/><\/figure>\n<\/figure>\n\n\n\n<figure class=\"wp-block-gallery has-nested-images columns-default is-cropped wp-block-gallery-2 is-layout-flex wp-block-gallery-is-layout-flex\">\n<figure class=\"wp-block-image size-large\"><img loading=\"lazy\" decoding=\"async\" width=\"1024\" height=\"447\" data-id=\"755\" src=\"https:\/\/kbconciergerie.eu\/wp-content\/uploads\/2020\/10\/cropped-IMG-20200627-WA0014-2-1024x447.jpg\" alt=\"bh4duZzQ\" class=\"wp-image-755\" srcset=\"https:\/\/kbconciergerie.eu\/wp-content\/uploads\/2020\/10\/cropped-IMG-20200627-WA0014-2-1024x447.jpg 1024w, https:\/\/kbconciergerie.eu\/wp-content\/uploads\/2020\/10\/cropped-IMG-20200627-WA0014-2-300x131.jpg 300w, https:\/\/kbconciergerie.eu\/wp-content\/uploads\/2020\/10\/cropped-IMG-20200627-WA0014-2-768x335.jpg 768w, https:\/\/kbconciergerie.eu\/wp-content\/uploads\/2020\/10\/cropped-IMG-20200627-WA0014-2.jpg 1500w\" sizes=\"auto, (max-width: 1024px) 100vw, 1024px\" \/><\/figure>\n<\/figure>\n\n\n","protected":false},"excerpt":{"rendered":"<p>L&rsquo;\u00cele de loisirs du Port-aux-Cerises est une base de plein air et de loisirs situ\u00e9e dans le d\u00e9partement de l&rsquo;Essonne, sur le territoire des communes de Draveil et Vigneux-sur-Seine. Elle est l&rsquo;une des douze \u00eeles de loisirs de la r\u00e9gion \u00cele-de-France. Elle est situ\u00e9e \u00e0 20 km au sud de Paris et \u00e0 10 km&hellip; <br \/> <a class=\"read-more\" href=\"https:\/\/kbconciergerie.eu\/?page_id=1081\">Lire la suite<\/a><\/p>\n","protected":false},"author":1,"featured_media":0,"parent":0,"menu_order":0,"comment_status":"closed","ping_status":"closed","template":"","meta":{"footnotes":""},"class_list":["post-1081","page","type-page","status-publish","hentry"],"_links":{"self":[{"href":"https:\/\/kbconciergerie.eu\/index.php?rest_route=\/wp\/v2\/pages\/1081","targetHints":{"allow":["GET"]}}],"collection":[{"href":"https:\/\/kbconciergerie.eu\/index.php?rest_route=\/wp\/v2\/pages"}],"about":[{"href":"https:\/\/kbconciergerie.eu\/index.php?rest_route=\/wp\/v2\/types\/page"}],"author":[{"embeddable":true,"href":"https:\/\/kbconciergerie.eu\/index.php?rest_route=\/wp\/v2\/users\/1"}],"replies":[{"embeddable":true,"href":"https:\/\/kbconciergerie.eu\/index.php?rest_route=%2Fwp%2Fv2%2Fcomments&post=1081"}],"version-history":[{"count":1,"href":"https:\/\/kbconciergerie.eu\/index.php?rest_route=\/wp\/v2\/pages\/1081\/revisions"}],"predecessor-version":[{"id":2552,"href":"https:\/\/kbconciergerie.eu\/index.php?rest_route=\/wp\/v2\/pages\/1081\/revisions\/2552"}],"wp:attachment":[{"href":"https:\/\/kbconciergerie.eu\/index.php?rest_route=%2Fwp%2Fv2%2Fmedia&parent=1081"}],"curies":[{"name":"wp","href":"https:\/\/api.w.org\/{rel}","templated":true}]}}