{"id":1106,"date":"2023-01-03T10:46:04","date_gmt":"2023-01-03T10:46:04","guid":{"rendered":"https:\/\/kbconciergerie.eu\/?page_id=1106"},"modified":"2024-11-12T17:48:11","modified_gmt":"2024-11-12T17:48:11","slug":"marseille-joliette-appartement-centre-ville","status":"publish","type":"page","link":"https:\/\/kbconciergerie.eu\/?page_id=1106","title":{"rendered":"Marseille &#8211; Joliette &#8211; Appartement centre ville"},"content":{"rendered":"\n<figure class=\"wp-block-gallery has-nested-images columns-default is-cropped wp-block-gallery-1 is-layout-flex wp-block-gallery-is-layout-flex\">\n<figure class=\"wp-block-image size-large\"><img loading=\"lazy\" decoding=\"async\" width=\"800\" height=\"600\" data-id=\"2308\" src=\"https:\/\/kbconciergerie.eu\/wp-content\/uploads\/2024\/10\/1714781785994133.jpg\" alt=\"\" class=\"wp-image-2308\" srcset=\"https:\/\/kbconciergerie.eu\/wp-content\/uploads\/2024\/10\/1714781785994133.jpg 800w, https:\/\/kbconciergerie.eu\/wp-content\/uploads\/2024\/10\/1714781785994133-300x225.jpg 300w, https:\/\/kbconciergerie.eu\/wp-content\/uploads\/2024\/10\/1714781785994133-768x576.jpg 768w\" sizes=\"auto, (max-width: 800px) 100vw, 800px\" \/><\/figure>\n\n\n\n<figure class=\"wp-block-image size-large is-style-default\"><img loading=\"lazy\" decoding=\"async\" width=\"1024\" height=\"768\" data-id=\"2306\" src=\"https:\/\/kbconciergerie.eu\/wp-content\/uploads\/2024\/10\/zZwgF8MI-2048x1536-1-1024x768.jpg\" alt=\"\" class=\"wp-image-2306\" srcset=\"https:\/\/kbconciergerie.eu\/wp-content\/uploads\/2024\/10\/zZwgF8MI-2048x1536-1-1024x768.jpg 1024w, https:\/\/kbconciergerie.eu\/wp-content\/uploads\/2024\/10\/zZwgF8MI-2048x1536-1-300x225.jpg 300w, https:\/\/kbconciergerie.eu\/wp-content\/uploads\/2024\/10\/zZwgF8MI-2048x1536-1-768x576.jpg 768w, https:\/\/kbconciergerie.eu\/wp-content\/uploads\/2024\/10\/zZwgF8MI-2048x1536-1-1536x1152.jpg 1536w, https:\/\/kbconciergerie.eu\/wp-content\/uploads\/2024\/10\/zZwgF8MI-2048x1536-1-1440x1080.jpg 1440w, https:\/\/kbconciergerie.eu\/wp-content\/uploads\/2024\/10\/zZwgF8MI-2048x1536-1.jpg 2048w\" sizes=\"auto, (max-width: 1024px) 100vw, 1024px\" \/><\/figure>\n\n\n\n<figure class=\"wp-block-image size-large\"><img loading=\"lazy\" decoding=\"async\" width=\"1024\" height=\"461\" data-id=\"2305\" src=\"https:\/\/kbconciergerie.eu\/wp-content\/uploads\/2024\/10\/1717143825585477-1024x461.jpg\" alt=\"\" class=\"wp-image-2305\" srcset=\"https:\/\/kbconciergerie.eu\/wp-content\/uploads\/2024\/10\/1717143825585477-1024x461.jpg 1024w, https:\/\/kbconciergerie.eu\/wp-content\/uploads\/2024\/10\/1717143825585477-300x135.jpg 300w, https:\/\/kbconciergerie.eu\/wp-content\/uploads\/2024\/10\/1717143825585477-768x346.jpg 768w, https:\/\/kbconciergerie.eu\/wp-content\/uploads\/2024\/10\/1717143825585477.jpg 1333w\" sizes=\"auto, (max-width: 1024px) 100vw, 1024px\" \/><\/figure>\n\n\n\n<figure class=\"wp-block-image size-large\"><img loading=\"lazy\" decoding=\"async\" width=\"800\" height=\"600\" data-id=\"2300\" src=\"https:\/\/kbconciergerie.eu\/wp-content\/uploads\/2024\/10\/1714781859637841.jpg\" alt=\"\" class=\"wp-image-2300\" srcset=\"https:\/\/kbconciergerie.eu\/wp-content\/uploads\/2024\/10\/1714781859637841.jpg 800w, https:\/\/kbconciergerie.eu\/wp-content\/uploads\/2024\/10\/1714781859637841-300x225.jpg 300w, https:\/\/kbconciergerie.eu\/wp-content\/uploads\/2024\/10\/1714781859637841-768x576.jpg 768w\" sizes=\"auto, (max-width: 800px) 100vw, 800px\" \/><\/figure>\n\n\n\n<figure class=\"wp-block-image size-large\"><img loading=\"lazy\" decoding=\"async\" width=\"768\" height=\"1024\" data-id=\"2310\" src=\"https:\/\/kbconciergerie.eu\/wp-content\/uploads\/2024\/10\/B8lAthjk-1536x2048-1-768x1024.jpg\" alt=\"\" class=\"wp-image-2310\" srcset=\"https:\/\/kbconciergerie.eu\/wp-content\/uploads\/2024\/10\/B8lAthjk-1536x2048-1-768x1024.jpg 768w, https:\/\/kbconciergerie.eu\/wp-content\/uploads\/2024\/10\/B8lAthjk-1536x2048-1-225x300.jpg 225w, https:\/\/kbconciergerie.eu\/wp-content\/uploads\/2024\/10\/B8lAthjk-1536x2048-1-1152x1536.jpg 1152w, https:\/\/kbconciergerie.eu\/wp-content\/uploads\/2024\/10\/B8lAthjk-1536x2048-1-1024x1365.jpg 1024w, https:\/\/kbconciergerie.eu\/wp-content\/uploads\/2024\/10\/B8lAthjk-1536x2048-1-810x1080.jpg 810w, https:\/\/kbconciergerie.eu\/wp-content\/uploads\/2024\/10\/B8lAthjk-1536x2048-1.jpg 1536w\" sizes=\"auto, (max-width: 768px) 100vw, 768px\" \/><\/figure>\n\n\n\n<figure class=\"wp-block-image size-large\"><img loading=\"lazy\" decoding=\"async\" width=\"768\" height=\"1024\" data-id=\"2304\" src=\"https:\/\/kbconciergerie.eu\/wp-content\/uploads\/2024\/10\/IMG_0336-1-768x1024.jpg\" alt=\"\" class=\"wp-image-2304\" srcset=\"https:\/\/kbconciergerie.eu\/wp-content\/uploads\/2024\/10\/IMG_0336-1-768x1024.jpg 768w, https:\/\/kbconciergerie.eu\/wp-content\/uploads\/2024\/10\/IMG_0336-1-225x300.jpg 225w, https:\/\/kbconciergerie.eu\/wp-content\/uploads\/2024\/10\/IMG_0336-1-1152x1536.jpg 1152w, https:\/\/kbconciergerie.eu\/wp-content\/uploads\/2024\/10\/IMG_0336-1-1024x1365.jpg 1024w, https:\/\/kbconciergerie.eu\/wp-content\/uploads\/2024\/10\/IMG_0336-1-810x1080.jpg 810w, https:\/\/kbconciergerie.eu\/wp-content\/uploads\/2024\/10\/IMG_0336-1.jpg 1500w\" sizes=\"auto, (max-width: 768px) 100vw, 768px\" \/><\/figure>\n<\/figure>\n\n\n\n<p>Nous offrons un lieu de vie de 100 m\u00b2 \u00e0 10-15 min \u00e0 pied de la gare Saint Charles et sans vis-\u00e0-vis. Commerces \u00e0 150 m\u00e8tres et parking ferm\u00e9 pour votre v\u00e9hicule. Appartement silencieux en d\u00e9pit de sa situation g\u00e9ographique. Le port est \u00e0 10-15 min \u00e0 pied. Tram et m\u00e9tro \u00e0 proximit\u00e9. Le plus : une terrasse ouverte de 40 m\u00b2 sans vis-\u00e0-vis. Pour plus d\u2019informations merci de nous contacter par t\u00e9l\u00e9phone. <\/p>\n\n\n\n<figure class=\"wp-block-image size-large\"><img loading=\"lazy\" decoding=\"async\" width=\"1024\" height=\"461\" src=\"https:\/\/kbconciergerie.eu\/wp-content\/uploads\/2024\/10\/1717143795908214-1024x461.jpg\" alt=\"\" class=\"wp-image-2302\" srcset=\"https:\/\/kbconciergerie.eu\/wp-content\/uploads\/2024\/10\/1717143795908214-1024x461.jpg 1024w, https:\/\/kbconciergerie.eu\/wp-content\/uploads\/2024\/10\/1717143795908214-300x135.jpg 300w, https:\/\/kbconciergerie.eu\/wp-content\/uploads\/2024\/10\/1717143795908214-768x346.jpg 768w, https:\/\/kbconciergerie.eu\/wp-content\/uploads\/2024\/10\/1717143795908214.jpg 1333w\" sizes=\"auto, (max-width: 1024px) 100vw, 1024px\" \/><\/figure>\n","protected":false},"excerpt":{"rendered":"<p>Nous offrons un lieu de vie de 100 m\u00b2 \u00e0 10-15 min \u00e0 pied de la gare Saint Charles et sans vis-\u00e0-vis. Commerces \u00e0 150 m\u00e8tres et parking ferm\u00e9 pour votre v\u00e9hicule. Appartement silencieux en d\u00e9pit de sa situation g\u00e9ographique. Le port est \u00e0 10-15 min \u00e0 pied. Tram et m\u00e9tro \u00e0 proximit\u00e9. Le plus&hellip; <br \/> <a class=\"read-more\" href=\"https:\/\/kbconciergerie.eu\/?page_id=1106\">Lire la suite<\/a><\/p>\n","protected":false},"author":1,"featured_media":0,"parent":0,"menu_order":0,"comment_status":"closed","ping_status":"closed","template":"","meta":{"footnotes":""},"class_list":["post-1106","page","type-page","status-publish","hentry"],"_links":{"self":[{"href":"https:\/\/kbconciergerie.eu\/index.php?rest_route=\/wp\/v2\/pages\/1106","targetHints":{"allow":["GET"]}}],"collection":[{"href":"https:\/\/kbconciergerie.eu\/index.php?rest_route=\/wp\/v2\/pages"}],"about":[{"href":"https:\/\/kbconciergerie.eu\/index.php?rest_route=\/wp\/v2\/types\/page"}],"author":[{"embeddable":true,"href":"https:\/\/kbconciergerie.eu\/index.php?rest_route=\/wp\/v2\/users\/1"}],"replies":[{"embeddable":true,"href":"https:\/\/kbconciergerie.eu\/index.php?rest_route=%2Fwp%2Fv2%2Fcomments&post=1106"}],"version-history":[{"count":0,"href":"https:\/\/kbconciergerie.eu\/index.php?rest_route=\/wp\/v2\/pages\/1106\/revisions"}],"wp:attachment":[{"href":"https:\/\/kbconciergerie.eu\/index.php?rest_route=%2Fwp%2Fv2%2Fmedia&parent=1106"}],"curies":[{"name":"wp","href":"https:\/\/api.w.org\/{rel}","templated":true}]}}