{"id":2480,"date":"2026-02-02T11:40:02","date_gmt":"2026-02-02T11:40:02","guid":{"rendered":"https:\/\/kbconciergerie.eu\/?page_id=2480"},"modified":"2026-02-03T00:08:14","modified_gmt":"2026-02-03T00:08:14","slug":"croisieres-management-et-developpement-de-la-culture-client-saison-5","status":"publish","type":"page","link":"https:\/\/kbconciergerie.eu\/?page_id=2480","title":{"rendered":"Croisi\u00e8res &#8211; Management et D\u00e9veloppement de la Culture client. Saison 5."},"content":{"rendered":"\n<p><strong>Croisi\u00e8res formation au d\u00e9part de Tenerife&nbsp;<\/strong>: du 1 novembre 2025 au 31 mars2026.<\/p>\n\n\n\n<p><strong>Croisi\u00e8res formation au d\u00e9part de Marseille<\/strong>&nbsp;: du 2 avril au 30 octobre 2026.<\/p>\n\n\n\n<p>L\u2019environnement d\u2019une formation contribue \u00e0 son succ\u00e8s et \u00e0 sa p\u00e9rennit\u00e9.<\/p>\n\n\n\n<p>C\u2019est la raison pour laquelle nous proposons en exclusivit\u00e9 des croisi\u00e8res management \u00e0 bord de catamarans spacieux et adapt\u00e9s.<\/p>\n\n\n\n<figure class=\"wp-block-video\"><video controls src=\"https:\/\/mutdidact.com\/croisiereteaser.mp4\"><\/video><\/figure>\n\n\n\n<p>Nous sommes heureux de vous offrir une nouvelle saison de nos formations en mer comme alternative aux animations en salle&nbsp;et comme outil de coh\u00e9sion.<\/p>\n\n\n\n<p>Source de d\u00e9veloppement professionnel, mais aussi de bien-\u00eatre et d\u2019\u00e9panouissement personnel, nos croisi\u00e8res studieuses vous surprendront par leur prix abordable, quasi identique \u00e0 celui d\u2019une formation classique dans un h\u00f4tel, mais avec le soleil et la mer en plus.<\/p>\n\n\n\n<p>Tous nos modules se d\u00e9clinent en version croisi\u00e8res courtes de&nbsp;1 \u00e0 3 jours ou en version \u00ab&nbsp;D\u00e9couvertes &amp; bien-\u00eatre &nbsp;\u00bb de 5 \u00e0 7 jours et tout cela en fonction du th\u00e8me choisi et des souhaits de votre entreprise.<\/p>\n\n\n\n<p>Le forfait transport, h\u00e9bergement et restauration fait l\u2019objet d\u2019un devis sp\u00e9cifique afin de vous permettre de comparer nos croisi\u00e8res avec les solutions traditionnelles.<\/p>\n\n\n\n<figure class=\"wp-block-gallery has-nested-images columns-default is-cropped wp-block-gallery-1 is-layout-flex wp-block-gallery-is-layout-flex\">\n<figure class=\"wp-block-image size-large\"><img loading=\"lazy\" decoding=\"async\" width=\"1024\" height=\"579\" data-id=\"2475\" src=\"https:\/\/kbconciergerie.eu\/wp-content\/uploads\/2026\/02\/3-1024x579.png\" alt=\"\" class=\"wp-image-2475\" srcset=\"https:\/\/kbconciergerie.eu\/wp-content\/uploads\/2026\/02\/3-1024x579.png 1024w, https:\/\/kbconciergerie.eu\/wp-content\/uploads\/2026\/02\/3-300x170.png 300w, https:\/\/kbconciergerie.eu\/wp-content\/uploads\/2026\/02\/3-768x434.png 768w, https:\/\/kbconciergerie.eu\/wp-content\/uploads\/2026\/02\/3-1536x869.png 1536w, https:\/\/kbconciergerie.eu\/wp-content\/uploads\/2026\/02\/3.png 1704w\" sizes=\"auto, (max-width: 1024px) 100vw, 1024px\" \/><\/figure>\n\n\n\n<figure class=\"wp-block-image size-large\"><img loading=\"lazy\" decoding=\"async\" width=\"1024\" height=\"576\" data-id=\"2477\" src=\"https:\/\/kbconciergerie.eu\/wp-content\/uploads\/2026\/02\/5-1024x576.png\" alt=\"\" class=\"wp-image-2477\" srcset=\"https:\/\/kbconciergerie.eu\/wp-content\/uploads\/2026\/02\/5-1024x576.png 1024w, https:\/\/kbconciergerie.eu\/wp-content\/uploads\/2026\/02\/5-300x169.png 300w, https:\/\/kbconciergerie.eu\/wp-content\/uploads\/2026\/02\/5-768x432.png 768w, https:\/\/kbconciergerie.eu\/wp-content\/uploads\/2026\/02\/5-1536x864.png 1536w, https:\/\/kbconciergerie.eu\/wp-content\/uploads\/2026\/02\/5.png 1708w\" sizes=\"auto, (max-width: 1024px) 100vw, 1024px\" \/><\/figure>\n\n\n\n<figure class=\"wp-block-image size-large\"><img loading=\"lazy\" decoding=\"async\" width=\"567\" height=\"989\" data-id=\"2469\" src=\"https:\/\/kbconciergerie.eu\/wp-content\/uploads\/2026\/02\/image00015.jpeg\" alt=\"\" class=\"wp-image-2469\" srcset=\"https:\/\/kbconciergerie.eu\/wp-content\/uploads\/2026\/02\/image00015.jpeg 567w, https:\/\/kbconciergerie.eu\/wp-content\/uploads\/2026\/02\/image00015-172x300.jpeg 172w\" sizes=\"auto, (max-width: 567px) 100vw, 567px\" \/><\/figure>\n\n\n\n<figure class=\"wp-block-image size-large\"><img loading=\"lazy\" decoding=\"async\" width=\"1024\" height=\"683\" data-id=\"2467\" src=\"https:\/\/kbconciergerie.eu\/wp-content\/uploads\/2026\/02\/image00010-1024x683.jpeg\" alt=\"\" class=\"wp-image-2467\" srcset=\"https:\/\/kbconciergerie.eu\/wp-content\/uploads\/2026\/02\/image00010-1024x683.jpeg 1024w, https:\/\/kbconciergerie.eu\/wp-content\/uploads\/2026\/02\/image00010-300x200.jpeg 300w, https:\/\/kbconciergerie.eu\/wp-content\/uploads\/2026\/02\/image00010-768x512.jpeg 768w, https:\/\/kbconciergerie.eu\/wp-content\/uploads\/2026\/02\/image00010-1536x1024.jpeg 1536w, https:\/\/kbconciergerie.eu\/wp-content\/uploads\/2026\/02\/image00010-2048x1365.jpeg 2048w, https:\/\/kbconciergerie.eu\/wp-content\/uploads\/2026\/02\/image00010-1620x1080.jpeg 1620w\" sizes=\"auto, (max-width: 1024px) 100vw, 1024px\" \/><\/figure>\n\n\n\n<figure class=\"wp-block-image size-large\"><img loading=\"lazy\" decoding=\"async\" width=\"750\" height=\"568\" data-id=\"2463\" src=\"https:\/\/kbconciergerie.eu\/wp-content\/uploads\/2026\/02\/image00006.jpeg\" alt=\"\" class=\"wp-image-2463\" srcset=\"https:\/\/kbconciergerie.eu\/wp-content\/uploads\/2026\/02\/image00006.jpeg 750w, https:\/\/kbconciergerie.eu\/wp-content\/uploads\/2026\/02\/image00006-300x227.jpeg 300w\" sizes=\"auto, (max-width: 750px) 100vw, 750px\" \/><figcaption class=\"wp-element-caption\">Screenshot<\/figcaption><\/figure>\n<\/figure>\n\n\n\n<p><\/p>\n\n\n\n<h2 class=\"wp-block-heading\"><strong>Parmi nos formations&nbsp;<\/strong>:<\/h2>\n\n\n\n<ul class=\"wp-block-list\">\n<li>Planifier et piloter un projet.<\/li>\n\n\n\n<li><em>CSRD pour PME et ETI , Pr\u00e9parez-vous d\u00e8s 2025 pour \u00eatre conforme en 2026 \u2013 E\/RSE<\/em><\/li>\n\n\n\n<li>Planifier et piloter une d\u00e9marche Qualit\u00e9.<\/li>\n\n\n\n<li>Planifier et piloter une d\u00e9marche RSE.<\/li>\n\n\n\n<li>Formation de formateurs internes ou occasionnels.<\/li>\n\n\n\n<li>R\u00e9ussir le pilotage du changement : D\u00e9marches et outils.<\/li>\n\n\n\n<li>R\u00e9ussir la transformation digitale de l\u2019entreprise.<\/li>\n<\/ul>\n\n\n\n<p><em>Liste non exhaustive, n\u2019h\u00e9sitez pas \u00e0 nous solliciter pour plus d\u2019information.<\/em><\/p>\n\n\n\n<h2 class=\"wp-block-heading\"><strong>Domaines d\u2019intervention privil\u00e9gi\u00e9<\/strong>s<\/h2>\n\n\n\n<p>\u2022 D\u00c9VELOPPEMENT DU MANAGEMENT<br>Conduite du changement, animation d\u2019\u00e9quipes, formation de formateurs.<\/p>\n\n\n\n<p>\u2022 D\u00c9VELOPPEMENT DES RESSOURCES HUMAINES<br>\u00c9valuation et management des comp\u00e9tences, ing\u00e9nierie de la formation, marketing op\u00e9rationnel, marketing direct.<\/p>\n\n\n\n<p>\u2022 D\u00c9VELOPPEMENT DES ORGANISATIONS<br>Intelligence \u00e9conomique, r\u00e9organisation des processus, des fonctions et des projets, d\u00e9marche qualit\u00e9, d\u00e9veloppement durable, s\u00e9curit\u00e9, environnement.<\/p>\n\n\n\n<h2 class=\"wp-block-heading\"><strong>Nos plus :<\/strong><\/h2>\n\n\n\n<p>Consultants formateurs exp\u00e9riment\u00e9s.<\/p>\n\n\n\n<p>Environnement qualitatif et habitat confortable.<\/p>\n\n\n\n<p>Skippers confirm\u00e9s (partenaire d\u2019exception).<\/p>\n\n\n\n<p>Responsables projets d\u00e9di\u00e9s multilingues.<\/p>\n\n\n\n<p><\/p>\n\n\n\n<p><\/p>\n\n\n\n<p><strong>Journ\u00e9e type<\/strong>&nbsp;:<\/p>\n\n\n\n<ul class=\"wp-block-list\">\n<li>8 h Embarquement au port.<\/li>\n\n\n\n<li>8&nbsp;h&nbsp;25 Navigation.<\/li>\n\n\n\n<li>8&nbsp;h&nbsp;30 Petit d\u00e9jeuner buffet \u00e0 bord.<\/li>\n\n\n\n<li>9 h Formation intensive.<\/li>\n\n\n\n<li>13 h&nbsp;Buffet d\u00e9jeuner \u00e0 bord.<\/li>\n\n\n\n<li>14 h Reprise formation.<\/li>\n\n\n\n<li>17&nbsp;h 30 Synth\u00e8se de la journ\u00e9e et pr\u00e9paration du lendemain.<\/li>\n\n\n\n<li>18 h Le catamaran est \u00e0 votre disposition, vous pouvez profiter de l\u2019eau bleue jusqu\u2019\u00e0 20 h \u00e0 moins que vous ne pr\u00e9f\u00e9riez un transat sur le pont.<\/li>\n\n\n\n<li>20 h Retour \u00e0 terre, ceux qui le souhaitent peuvent dormir \u00e0 bord en cabine et salle de bain individuelle.<\/li>\n<\/ul>\n\n\n\n<p><\/p>\n","protected":false},"excerpt":{"rendered":"<p>Croisi\u00e8res formation au d\u00e9part de Tenerife&nbsp;: du 1 novembre 2025 au 31 mars2026. Croisi\u00e8res formation au d\u00e9part de Marseille&nbsp;: du 2 avril au 30 octobre 2026. L\u2019environnement d\u2019une formation contribue \u00e0 son succ\u00e8s et \u00e0 sa p\u00e9rennit\u00e9. C\u2019est la raison pour laquelle nous proposons en exclusivit\u00e9 des croisi\u00e8res management \u00e0 bord de catamarans spacieux et&hellip; <br \/> <a class=\"read-more\" href=\"https:\/\/kbconciergerie.eu\/?page_id=2480\">Lire la suite<\/a><\/p>\n","protected":false},"author":1,"featured_media":2474,"parent":0,"menu_order":0,"comment_status":"closed","ping_status":"closed","template":"","meta":{"footnotes":""},"class_list":["post-2480","page","type-page","status-publish","has-post-thumbnail","hentry"],"_links":{"self":[{"href":"https:\/\/kbconciergerie.eu\/index.php?rest_route=\/wp\/v2\/pages\/2480","targetHints":{"allow":["GET"]}}],"collection":[{"href":"https:\/\/kbconciergerie.eu\/index.php?rest_route=\/wp\/v2\/pages"}],"about":[{"href":"https:\/\/kbconciergerie.eu\/index.php?rest_route=\/wp\/v2\/types\/page"}],"author":[{"embeddable":true,"href":"https:\/\/kbconciergerie.eu\/index.php?rest_route=\/wp\/v2\/users\/1"}],"replies":[{"embeddable":true,"href":"https:\/\/kbconciergerie.eu\/index.php?rest_route=%2Fwp%2Fv2%2Fcomments&post=2480"}],"version-history":[{"count":8,"href":"https:\/\/kbconciergerie.eu\/index.php?rest_route=\/wp\/v2\/pages\/2480\/revisions"}],"predecessor-version":[{"id":2500,"href":"https:\/\/kbconciergerie.eu\/index.php?rest_route=\/wp\/v2\/pages\/2480\/revisions\/2500"}],"wp:featuredmedia":[{"embeddable":true,"href":"https:\/\/kbconciergerie.eu\/index.php?rest_route=\/wp\/v2\/media\/2474"}],"wp:attachment":[{"href":"https:\/\/kbconciergerie.eu\/index.php?rest_route=%2Fwp%2Fv2%2Fmedia&parent=2480"}],"curies":[{"name":"wp","href":"https:\/\/api.w.org\/{rel}","templated":true}]}}