{"id":924,"date":"2023-01-02T13:44:25","date_gmt":"2023-01-02T13:44:25","guid":{"rendered":"http:\/\/kbconciergerie.eu\/?page_id=924"},"modified":"2026-01-29T09:42:09","modified_gmt":"2026-01-29T09:42:09","slug":"chartres-demeure-historique","status":"publish","type":"page","link":"https:\/\/kbconciergerie.eu\/?page_id=924","title":{"rendered":"Chartres &#8211; Demeure historique ."},"content":{"rendered":"\n<p>\u00ab\u00a0A tout seigneur tout honneur\u00a0\u00bb Comme beaucoup, nous avons commenc\u00e9 notre activit\u00e9 en louant notre maison pour pouvoir l&rsquo;entretenir et la restaurer. <\/p>\n\n\n\n<p>Demeure historique \u00e0 150 m de la c\u00e9l\u00e8bre Cath\u00e9drale. Un havre de Paix et de silence en plein c\u0153ur de ville. 600 m\u00b2 habitables avec des volumes hors normes jusqu&rsquo;\u00e0 7 m de hauteur sous plafond. <\/p>\n\n\n\n<p>La charpente est con\u00e7ue avec le bois des bateaux viking qui envahirent la ville en 911.<\/p>\n\n\n\n<p>Une maison typique de cette \u00e9poque ferm\u00e9e sur la rue et la ville, con\u00e7ue comme un Riad, avec un superbe jardin int\u00e9rieur clos. Centre-ville \u00e0 3 min \u00e0 pied avec tous les commer\u00e7ants. Demeure de caract\u00e8re, disponible uniquement avec personnel de maison assurant l&rsquo;accueil et l&rsquo;entretien au quotidien.<\/p>\n\n\n\n<p>Nous vous sugg\u00e9rons de nous rendre visite pour la F\u00eate des Lumi\u00e8res. <\/p>\n\n\n\n<p>Chartres est un lieu de culte tr\u00e8s fr\u00e9quent\u00e9 par de nombreux p\u00e8lerins depuis le haut Moyen \u00c2ge <\/p>\n\n\n\n\n\n<figure class=\"wp-block-gallery has-nested-images columns-default is-cropped wp-block-gallery-1 is-layout-flex wp-block-gallery-is-layout-flex\"><\/figure>\n\n\n\n<figure class=\"wp-block-gallery has-nested-images columns-default is-cropped wp-block-gallery-2 is-layout-flex wp-block-gallery-is-layout-flex\">\n<figure class=\"wp-block-image size-large\"><img loading=\"lazy\" decoding=\"async\" width=\"1024\" height=\"578\" data-id=\"1016\" src=\"https:\/\/kbconciergerie.eu\/wp-content\/uploads\/2023\/01\/D5bkslTk-1024x578.jpg\" alt=\"\" class=\"wp-image-1016\" srcset=\"https:\/\/kbconciergerie.eu\/wp-content\/uploads\/2023\/01\/D5bkslTk-1024x578.jpg 1024w, https:\/\/kbconciergerie.eu\/wp-content\/uploads\/2023\/01\/D5bkslTk-300x169.jpg 300w, https:\/\/kbconciergerie.eu\/wp-content\/uploads\/2023\/01\/D5bkslTk-768x433.jpg 768w, https:\/\/kbconciergerie.eu\/wp-content\/uploads\/2023\/01\/D5bkslTk.jpg 1500w\" sizes=\"auto, (max-width: 1024px) 100vw, 1024px\" \/><\/figure>\n\n\n\n<figure class=\"wp-block-image size-large\"><img loading=\"lazy\" decoding=\"async\" width=\"1024\" height=\"578\" data-id=\"1018\" src=\"https:\/\/kbconciergerie.eu\/wp-content\/uploads\/2023\/01\/ZtuvpPL0-1-1024x578.jpg\" alt=\"\" class=\"wp-image-1018\" srcset=\"https:\/\/kbconciergerie.eu\/wp-content\/uploads\/2023\/01\/ZtuvpPL0-1-1024x578.jpg 1024w, https:\/\/kbconciergerie.eu\/wp-content\/uploads\/2023\/01\/ZtuvpPL0-1-300x169.jpg 300w, https:\/\/kbconciergerie.eu\/wp-content\/uploads\/2023\/01\/ZtuvpPL0-1-768x433.jpg 768w, https:\/\/kbconciergerie.eu\/wp-content\/uploads\/2023\/01\/ZtuvpPL0-1.jpg 1280w\" sizes=\"auto, (max-width: 1024px) 100vw, 1024px\" \/><\/figure>\n\n\n\n<figure class=\"wp-block-image size-large\"><img loading=\"lazy\" decoding=\"async\" width=\"577\" height=\"1024\" data-id=\"993\" src=\"https:\/\/kbconciergerie.eu\/wp-content\/uploads\/2023\/01\/RDwWrGWk-1-577x1024.jpg\" alt=\"\" class=\"wp-image-993\" srcset=\"https:\/\/kbconciergerie.eu\/wp-content\/uploads\/2023\/01\/RDwWrGWk-1-577x1024.jpg 577w, https:\/\/kbconciergerie.eu\/wp-content\/uploads\/2023\/01\/RDwWrGWk-1-169x300.jpg 169w, https:\/\/kbconciergerie.eu\/wp-content\/uploads\/2023\/01\/RDwWrGWk-1-768x1362.jpg 768w, https:\/\/kbconciergerie.eu\/wp-content\/uploads\/2023\/01\/RDwWrGWk-1-866x1536.jpg 866w, https:\/\/kbconciergerie.eu\/wp-content\/uploads\/2023\/01\/RDwWrGWk-1-1155x2048.jpg 1155w, https:\/\/kbconciergerie.eu\/wp-content\/uploads\/2023\/01\/RDwWrGWk-1-1024x1816.jpg 1024w, https:\/\/kbconciergerie.eu\/wp-content\/uploads\/2023\/01\/RDwWrGWk-1-609x1080.jpg 609w, https:\/\/kbconciergerie.eu\/wp-content\/uploads\/2023\/01\/RDwWrGWk-1-scaled.jpg 1444w\" sizes=\"auto, (max-width: 577px) 100vw, 577px\" \/><\/figure>\n\n\n\n<figure class=\"wp-block-image size-large\"><img loading=\"lazy\" decoding=\"async\" width=\"1024\" height=\"578\" data-id=\"987\" src=\"https:\/\/kbconciergerie.eu\/wp-content\/uploads\/2023\/01\/d4odsOMI-1-1024x578.jpg\" alt=\"\" class=\"wp-image-987\" srcset=\"https:\/\/kbconciergerie.eu\/wp-content\/uploads\/2023\/01\/d4odsOMI-1-1024x578.jpg 1024w, https:\/\/kbconciergerie.eu\/wp-content\/uploads\/2023\/01\/d4odsOMI-1-300x169.jpg 300w, https:\/\/kbconciergerie.eu\/wp-content\/uploads\/2023\/01\/d4odsOMI-1-768x433.jpg 768w, https:\/\/kbconciergerie.eu\/wp-content\/uploads\/2023\/01\/d4odsOMI-1.jpg 1280w\" sizes=\"auto, (max-width: 1024px) 100vw, 1024px\" \/><\/figure>\n\n\n\n<figure class=\"wp-block-image size-large is-style-default\"><img loading=\"lazy\" decoding=\"async\" width=\"1280\" height=\"722\" data-id=\"1843\" src=\"https:\/\/kbconciergerie.eu\/wp-content\/uploads\/2023\/01\/tUloYMzQ-1-edited.jpg\" alt=\"\" class=\"wp-image-1843\" srcset=\"https:\/\/kbconciergerie.eu\/wp-content\/uploads\/2023\/01\/tUloYMzQ-1-edited.jpg 1280w, https:\/\/kbconciergerie.eu\/wp-content\/uploads\/2023\/01\/tUloYMzQ-1-edited-300x169.jpg 300w, https:\/\/kbconciergerie.eu\/wp-content\/uploads\/2023\/01\/tUloYMzQ-1-edited-1024x578.jpg 1024w, https:\/\/kbconciergerie.eu\/wp-content\/uploads\/2023\/01\/tUloYMzQ-1-edited-768x433.jpg 768w\" sizes=\"auto, (max-width: 1280px) 100vw, 1280px\" \/><\/figure>\n\n\n\n<figure class=\"wp-block-image size-large\"><img loading=\"lazy\" decoding=\"async\" width=\"1024\" height=\"578\" data-id=\"1007\" src=\"https:\/\/kbconciergerie.eu\/wp-content\/uploads\/2023\/01\/G90X38Kw-1024x578.jpg\" alt=\"\" class=\"wp-image-1007\" srcset=\"https:\/\/kbconciergerie.eu\/wp-content\/uploads\/2023\/01\/G90X38Kw-1024x578.jpg 1024w, https:\/\/kbconciergerie.eu\/wp-content\/uploads\/2023\/01\/G90X38Kw-300x169.jpg 300w, https:\/\/kbconciergerie.eu\/wp-content\/uploads\/2023\/01\/G90X38Kw-768x433.jpg 768w, https:\/\/kbconciergerie.eu\/wp-content\/uploads\/2023\/01\/G90X38Kw.jpg 1500w\" sizes=\"auto, (max-width: 1024px) 100vw, 1024px\" \/><\/figure>\n\n\n\n<figure class=\"wp-block-image size-large\"><img loading=\"lazy\" decoding=\"async\" width=\"1024\" height=\"578\" data-id=\"1019\" src=\"https:\/\/kbconciergerie.eu\/wp-content\/uploads\/2023\/01\/h2h2XAhg-1024x578.jpg\" alt=\"\" class=\"wp-image-1019\" srcset=\"https:\/\/kbconciergerie.eu\/wp-content\/uploads\/2023\/01\/h2h2XAhg-1024x578.jpg 1024w, https:\/\/kbconciergerie.eu\/wp-content\/uploads\/2023\/01\/h2h2XAhg-300x169.jpg 300w, https:\/\/kbconciergerie.eu\/wp-content\/uploads\/2023\/01\/h2h2XAhg-768x433.jpg 768w, https:\/\/kbconciergerie.eu\/wp-content\/uploads\/2023\/01\/h2h2XAhg.jpg 1500w\" sizes=\"auto, (max-width: 1024px) 100vw, 1024px\" \/><\/figure>\n\n\n\n<figure class=\"wp-block-image size-large\"><img loading=\"lazy\" decoding=\"async\" width=\"1024\" height=\"578\" data-id=\"990\" src=\"https:\/\/kbconciergerie.eu\/wp-content\/uploads\/2023\/01\/kKDu-DTs-1024x578.jpg\" alt=\"\" class=\"wp-image-990\" srcset=\"https:\/\/kbconciergerie.eu\/wp-content\/uploads\/2023\/01\/kKDu-DTs-1024x578.jpg 1024w, https:\/\/kbconciergerie.eu\/wp-content\/uploads\/2023\/01\/kKDu-DTs-300x169.jpg 300w, https:\/\/kbconciergerie.eu\/wp-content\/uploads\/2023\/01\/kKDu-DTs-768x433.jpg 768w, https:\/\/kbconciergerie.eu\/wp-content\/uploads\/2023\/01\/kKDu-DTs.jpg 1500w\" sizes=\"auto, (max-width: 1024px) 100vw, 1024px\" \/><\/figure>\n\n\n\n<figure class=\"wp-block-image size-large\"><img loading=\"lazy\" decoding=\"async\" width=\"1024\" height=\"578\" data-id=\"1020\" src=\"https:\/\/kbconciergerie.eu\/wp-content\/uploads\/2023\/01\/MfNus6vE-1024x578.jpg\" alt=\"\" class=\"wp-image-1020\" srcset=\"https:\/\/kbconciergerie.eu\/wp-content\/uploads\/2023\/01\/MfNus6vE-1024x578.jpg 1024w, https:\/\/kbconciergerie.eu\/wp-content\/uploads\/2023\/01\/MfNus6vE-300x169.jpg 300w, https:\/\/kbconciergerie.eu\/wp-content\/uploads\/2023\/01\/MfNus6vE-768x433.jpg 768w, https:\/\/kbconciergerie.eu\/wp-content\/uploads\/2023\/01\/MfNus6vE.jpg 1500w\" sizes=\"auto, (max-width: 1024px) 100vw, 1024px\" \/><\/figure>\n\n\n\n<figure class=\"wp-block-image size-large\"><img loading=\"lazy\" decoding=\"async\" width=\"578\" height=\"1024\" data-id=\"1014\" src=\"https:\/\/kbconciergerie.eu\/wp-content\/uploads\/2023\/01\/dxl8E93I-578x1024.jpg\" alt=\"\" class=\"wp-image-1014\" srcset=\"https:\/\/kbconciergerie.eu\/wp-content\/uploads\/2023\/01\/dxl8E93I-578x1024.jpg 578w, https:\/\/kbconciergerie.eu\/wp-content\/uploads\/2023\/01\/dxl8E93I-169x300.jpg 169w, https:\/\/kbconciergerie.eu\/wp-content\/uploads\/2023\/01\/dxl8E93I-768x1361.jpg 768w, https:\/\/kbconciergerie.eu\/wp-content\/uploads\/2023\/01\/dxl8E93I-866x1536.jpg 866w, https:\/\/kbconciergerie.eu\/wp-content\/uploads\/2023\/01\/dxl8E93I-1155x2048.jpg 1155w, https:\/\/kbconciergerie.eu\/wp-content\/uploads\/2023\/01\/dxl8E93I-1024x1815.jpg 1024w, https:\/\/kbconciergerie.eu\/wp-content\/uploads\/2023\/01\/dxl8E93I-609x1080.jpg 609w, https:\/\/kbconciergerie.eu\/wp-content\/uploads\/2023\/01\/dxl8E93I-scaled.jpg 1444w\" sizes=\"auto, (max-width: 578px) 100vw, 578px\" \/><\/figure>\n\n\n\n<figure class=\"wp-block-image size-large\"><img loading=\"lazy\" decoding=\"async\" width=\"578\" height=\"1024\" data-id=\"984\" src=\"https:\/\/kbconciergerie.eu\/wp-content\/uploads\/2023\/01\/91RR4bts-1-578x1024.jpg\" alt=\"\" class=\"wp-image-984\" srcset=\"https:\/\/kbconciergerie.eu\/wp-content\/uploads\/2023\/01\/91RR4bts-1-578x1024.jpg 578w, https:\/\/kbconciergerie.eu\/wp-content\/uploads\/2023\/01\/91RR4bts-1-169x300.jpg 169w, https:\/\/kbconciergerie.eu\/wp-content\/uploads\/2023\/01\/91RR4bts-1-609x1080.jpg 609w, https:\/\/kbconciergerie.eu\/wp-content\/uploads\/2023\/01\/91RR4bts-1.jpg 722w\" sizes=\"auto, (max-width: 578px) 100vw, 578px\" \/><\/figure>\n\n\n\n<figure class=\"wp-block-image size-large\"><img loading=\"lazy\" decoding=\"async\" width=\"578\" height=\"1024\" data-id=\"1015\" src=\"https:\/\/kbconciergerie.eu\/wp-content\/uploads\/2023\/01\/MK_zLEC0-578x1024.jpg\" alt=\"\" class=\"wp-image-1015\" srcset=\"https:\/\/kbconciergerie.eu\/wp-content\/uploads\/2023\/01\/MK_zLEC0-578x1024.jpg 578w, https:\/\/kbconciergerie.eu\/wp-content\/uploads\/2023\/01\/MK_zLEC0-169x300.jpg 169w, https:\/\/kbconciergerie.eu\/wp-content\/uploads\/2023\/01\/MK_zLEC0-768x1361.jpg 768w, https:\/\/kbconciergerie.eu\/wp-content\/uploads\/2023\/01\/MK_zLEC0-866x1536.jpg 866w, https:\/\/kbconciergerie.eu\/wp-content\/uploads\/2023\/01\/MK_zLEC0-1155x2048.jpg 1155w, https:\/\/kbconciergerie.eu\/wp-content\/uploads\/2023\/01\/MK_zLEC0-1024x1815.jpg 1024w, https:\/\/kbconciergerie.eu\/wp-content\/uploads\/2023\/01\/MK_zLEC0-609x1080.jpg 609w, https:\/\/kbconciergerie.eu\/wp-content\/uploads\/2023\/01\/MK_zLEC0-scaled.jpg 1444w\" sizes=\"auto, (max-width: 578px) 100vw, 578px\" \/><\/figure>\n\n\n\n<figure class=\"wp-block-image size-large\"><img loading=\"lazy\" decoding=\"async\" width=\"577\" height=\"1024\" data-id=\"1009\" src=\"https:\/\/kbconciergerie.eu\/wp-content\/uploads\/2023\/01\/OCAJkhn4-577x1024.jpg\" alt=\"\" class=\"wp-image-1009\" srcset=\"https:\/\/kbconciergerie.eu\/wp-content\/uploads\/2023\/01\/OCAJkhn4-577x1024.jpg 577w, https:\/\/kbconciergerie.eu\/wp-content\/uploads\/2023\/01\/OCAJkhn4-169x300.jpg 169w, https:\/\/kbconciergerie.eu\/wp-content\/uploads\/2023\/01\/OCAJkhn4-768x1362.jpg 768w, https:\/\/kbconciergerie.eu\/wp-content\/uploads\/2023\/01\/OCAJkhn4-866x1536.jpg 866w, https:\/\/kbconciergerie.eu\/wp-content\/uploads\/2023\/01\/OCAJkhn4-1155x2048.jpg 1155w, https:\/\/kbconciergerie.eu\/wp-content\/uploads\/2023\/01\/OCAJkhn4-1024x1816.jpg 1024w, https:\/\/kbconciergerie.eu\/wp-content\/uploads\/2023\/01\/OCAJkhn4-609x1080.jpg 609w, https:\/\/kbconciergerie.eu\/wp-content\/uploads\/2023\/01\/OCAJkhn4-scaled.jpg 1444w\" sizes=\"auto, (max-width: 577px) 100vw, 577px\" \/><\/figure>\n\n\n\n<figure class=\"wp-block-image size-large\"><img loading=\"lazy\" decoding=\"async\" width=\"1024\" height=\"578\" data-id=\"998\" src=\"https:\/\/kbconciergerie.eu\/wp-content\/uploads\/2023\/01\/Q-PHQM6w-1024x578.jpg\" alt=\"\" class=\"wp-image-998\" srcset=\"https:\/\/kbconciergerie.eu\/wp-content\/uploads\/2023\/01\/Q-PHQM6w-1024x578.jpg 1024w, https:\/\/kbconciergerie.eu\/wp-content\/uploads\/2023\/01\/Q-PHQM6w-300x169.jpg 300w, https:\/\/kbconciergerie.eu\/wp-content\/uploads\/2023\/01\/Q-PHQM6w-768x433.jpg 768w, https:\/\/kbconciergerie.eu\/wp-content\/uploads\/2023\/01\/Q-PHQM6w.jpg 1500w\" sizes=\"auto, (max-width: 1024px) 100vw, 1024px\" \/><\/figure>\n\n\n\n<figure class=\"wp-block-image size-large\"><img loading=\"lazy\" decoding=\"async\" width=\"1024\" height=\"578\" data-id=\"996\" src=\"https:\/\/kbconciergerie.eu\/wp-content\/uploads\/2023\/01\/T1PjSnvQ-1024x578.jpg\" alt=\"\" class=\"wp-image-996\" srcset=\"https:\/\/kbconciergerie.eu\/wp-content\/uploads\/2023\/01\/T1PjSnvQ-1024x578.jpg 1024w, https:\/\/kbconciergerie.eu\/wp-content\/uploads\/2023\/01\/T1PjSnvQ-300x169.jpg 300w, https:\/\/kbconciergerie.eu\/wp-content\/uploads\/2023\/01\/T1PjSnvQ-768x433.jpg 768w, https:\/\/kbconciergerie.eu\/wp-content\/uploads\/2023\/01\/T1PjSnvQ.jpg 1500w\" sizes=\"auto, (max-width: 1024px) 100vw, 1024px\" \/><\/figure>\n\n\n\n<figure class=\"wp-block-image size-large\"><img loading=\"lazy\" decoding=\"async\" width=\"1024\" height=\"578\" data-id=\"1008\" src=\"https:\/\/kbconciergerie.eu\/wp-content\/uploads\/2023\/01\/tv-Wo68Y-1024x578.jpg\" alt=\"\" class=\"wp-image-1008\" srcset=\"https:\/\/kbconciergerie.eu\/wp-content\/uploads\/2023\/01\/tv-Wo68Y-1024x578.jpg 1024w, https:\/\/kbconciergerie.eu\/wp-content\/uploads\/2023\/01\/tv-Wo68Y-300x169.jpg 300w, https:\/\/kbconciergerie.eu\/wp-content\/uploads\/2023\/01\/tv-Wo68Y-768x433.jpg 768w, https:\/\/kbconciergerie.eu\/wp-content\/uploads\/2023\/01\/tv-Wo68Y.jpg 1500w\" sizes=\"auto, (max-width: 1024px) 100vw, 1024px\" \/><\/figure>\n\n\n\n<figure class=\"wp-block-image size-large\"><img loading=\"lazy\" decoding=\"async\" width=\"1024\" height=\"578\" data-id=\"1017\" src=\"https:\/\/kbconciergerie.eu\/wp-content\/uploads\/2023\/01\/vzfmQIus-1-1024x578.jpg\" alt=\"\" class=\"wp-image-1017\" srcset=\"https:\/\/kbconciergerie.eu\/wp-content\/uploads\/2023\/01\/vzfmQIus-1-1024x578.jpg 1024w, https:\/\/kbconciergerie.eu\/wp-content\/uploads\/2023\/01\/vzfmQIus-1-300x169.jpg 300w, https:\/\/kbconciergerie.eu\/wp-content\/uploads\/2023\/01\/vzfmQIus-1-768x433.jpg 768w, https:\/\/kbconciergerie.eu\/wp-content\/uploads\/2023\/01\/vzfmQIus-1.jpg 1280w\" sizes=\"auto, (max-width: 1024px) 100vw, 1024px\" \/><\/figure>\n<\/figure>\n\n\n\n<figure class=\"wp-block-gallery has-nested-images columns-default is-cropped wp-block-gallery-3 is-layout-flex wp-block-gallery-is-layout-flex\">\n<figure class=\"wp-block-image size-large\"><img loading=\"lazy\" decoding=\"async\" width=\"1024\" height=\"578\" data-id=\"999\" src=\"https:\/\/kbconciergerie.eu\/wp-content\/uploads\/2023\/01\/KsdBY3ik-1024x578.jpg\" alt=\"\" class=\"wp-image-999\" srcset=\"https:\/\/kbconciergerie.eu\/wp-content\/uploads\/2023\/01\/KsdBY3ik-1024x578.jpg 1024w, https:\/\/kbconciergerie.eu\/wp-content\/uploads\/2023\/01\/KsdBY3ik-300x169.jpg 300w, https:\/\/kbconciergerie.eu\/wp-content\/uploads\/2023\/01\/KsdBY3ik-768x433.jpg 768w, https:\/\/kbconciergerie.eu\/wp-content\/uploads\/2023\/01\/KsdBY3ik.jpg 1500w\" sizes=\"auto, (max-width: 1024px) 100vw, 1024px\" \/><\/figure>\n\n\n\n<figure class=\"wp-block-image size-large\"><img loading=\"lazy\" decoding=\"async\" width=\"1024\" height=\"578\" data-id=\"1000\" src=\"https:\/\/kbconciergerie.eu\/wp-content\/uploads\/2023\/01\/z1oZyGNs-1024x578.jpg\" alt=\"\" class=\"wp-image-1000\" srcset=\"https:\/\/kbconciergerie.eu\/wp-content\/uploads\/2023\/01\/z1oZyGNs-1024x578.jpg 1024w, https:\/\/kbconciergerie.eu\/wp-content\/uploads\/2023\/01\/z1oZyGNs-300x169.jpg 300w, https:\/\/kbconciergerie.eu\/wp-content\/uploads\/2023\/01\/z1oZyGNs-768x433.jpg 768w, https:\/\/kbconciergerie.eu\/wp-content\/uploads\/2023\/01\/z1oZyGNs.jpg 1500w\" sizes=\"auto, (max-width: 1024px) 100vw, 1024px\" \/><\/figure>\n\n\n\n<figure class=\"wp-block-image size-large\"><img loading=\"lazy\" decoding=\"async\" width=\"1024\" height=\"578\" data-id=\"991\" src=\"https:\/\/kbconciergerie.eu\/wp-content\/uploads\/2023\/01\/dQ_R9iZ8-1-1024x578.jpg\" alt=\"\" class=\"wp-image-991\" srcset=\"https:\/\/kbconciergerie.eu\/wp-content\/uploads\/2023\/01\/dQ_R9iZ8-1-1024x578.jpg 1024w, https:\/\/kbconciergerie.eu\/wp-content\/uploads\/2023\/01\/dQ_R9iZ8-1-300x169.jpg 300w, https:\/\/kbconciergerie.eu\/wp-content\/uploads\/2023\/01\/dQ_R9iZ8-1-768x433.jpg 768w, https:\/\/kbconciergerie.eu\/wp-content\/uploads\/2023\/01\/dQ_R9iZ8-1.jpg 1280w\" sizes=\"auto, (max-width: 1024px) 100vw, 1024px\" \/><\/figure>\n\n\n\n<figure class=\"wp-block-image size-large\"><img loading=\"lazy\" decoding=\"async\" width=\"768\" height=\"1024\" data-id=\"989\" src=\"https:\/\/kbconciergerie.eu\/wp-content\/uploads\/2023\/01\/PpoaNjLc-768x1024.jpg\" alt=\"\" class=\"wp-image-989\" srcset=\"https:\/\/kbconciergerie.eu\/wp-content\/uploads\/2023\/01\/PpoaNjLc-768x1024.jpg 768w, https:\/\/kbconciergerie.eu\/wp-content\/uploads\/2023\/01\/PpoaNjLc-225x300.jpg 225w, https:\/\/kbconciergerie.eu\/wp-content\/uploads\/2023\/01\/PpoaNjLc-1152x1536.jpg 1152w, https:\/\/kbconciergerie.eu\/wp-content\/uploads\/2023\/01\/PpoaNjLc-1024x1365.jpg 1024w, https:\/\/kbconciergerie.eu\/wp-content\/uploads\/2023\/01\/PpoaNjLc-810x1080.jpg 810w, https:\/\/kbconciergerie.eu\/wp-content\/uploads\/2023\/01\/PpoaNjLc.jpg 1500w\" sizes=\"auto, (max-width: 768px) 100vw, 768px\" \/><\/figure>\n\n\n\n<figure class=\"wp-block-image size-large\"><img loading=\"lazy\" decoding=\"async\" width=\"1024\" height=\"578\" data-id=\"987\" src=\"https:\/\/kbconciergerie.eu\/wp-content\/uploads\/2023\/01\/d4odsOMI-1-1024x578.jpg\" alt=\"\" class=\"wp-image-987\" srcset=\"https:\/\/kbconciergerie.eu\/wp-content\/uploads\/2023\/01\/d4odsOMI-1-1024x578.jpg 1024w, https:\/\/kbconciergerie.eu\/wp-content\/uploads\/2023\/01\/d4odsOMI-1-300x169.jpg 300w, https:\/\/kbconciergerie.eu\/wp-content\/uploads\/2023\/01\/d4odsOMI-1-768x433.jpg 768w, https:\/\/kbconciergerie.eu\/wp-content\/uploads\/2023\/01\/d4odsOMI-1.jpg 1280w\" sizes=\"auto, (max-width: 1024px) 100vw, 1024px\" \/><\/figure>\n\n\n\n<figure class=\"wp-block-image size-large\"><img loading=\"lazy\" decoding=\"async\" width=\"1024\" height=\"768\" data-id=\"978\" src=\"https:\/\/kbconciergerie.eu\/wp-content\/uploads\/2023\/01\/O-gPkxw4-1024x768.jpg\" alt=\"\" class=\"wp-image-978\" srcset=\"https:\/\/kbconciergerie.eu\/wp-content\/uploads\/2023\/01\/O-gPkxw4-1024x768.jpg 1024w, https:\/\/kbconciergerie.eu\/wp-content\/uploads\/2023\/01\/O-gPkxw4-300x225.jpg 300w, https:\/\/kbconciergerie.eu\/wp-content\/uploads\/2023\/01\/O-gPkxw4-768x576.jpg 768w, https:\/\/kbconciergerie.eu\/wp-content\/uploads\/2023\/01\/O-gPkxw4-1536x1152.jpg 1536w\" sizes=\"auto, (max-width: 1024px) 100vw, 1024px\" \/><\/figure>\n\n\n\n<figure class=\"wp-block-image size-large\"><img loading=\"lazy\" decoding=\"async\" width=\"768\" height=\"1024\" data-id=\"976\" src=\"https:\/\/kbconciergerie.eu\/wp-content\/uploads\/2023\/01\/FTn2oM1Y-768x1024.jpg\" alt=\"\" class=\"wp-image-976\" srcset=\"https:\/\/kbconciergerie.eu\/wp-content\/uploads\/2023\/01\/FTn2oM1Y-768x1024.jpg 768w, https:\/\/kbconciergerie.eu\/wp-content\/uploads\/2023\/01\/FTn2oM1Y-225x300.jpg 225w, https:\/\/kbconciergerie.eu\/wp-content\/uploads\/2023\/01\/FTn2oM1Y-1152x1536.jpg 1152w, https:\/\/kbconciergerie.eu\/wp-content\/uploads\/2023\/01\/FTn2oM1Y-scaled.jpg 1920w\" sizes=\"auto, (max-width: 768px) 100vw, 768px\" \/><\/figure>\n<\/figure>\n\n\n\n<figure class=\"wp-block-image size-large\"><img loading=\"lazy\" decoding=\"async\" width=\"1024\" height=\"578\" src=\"https:\/\/kbconciergerie.eu\/wp-content\/uploads\/2023\/01\/Aac63TKc-1024x578.jpg\" alt=\"\" class=\"wp-image-1021\" srcset=\"https:\/\/kbconciergerie.eu\/wp-content\/uploads\/2023\/01\/Aac63TKc-1024x578.jpg 1024w, https:\/\/kbconciergerie.eu\/wp-content\/uploads\/2023\/01\/Aac63TKc-300x169.jpg 300w, https:\/\/kbconciergerie.eu\/wp-content\/uploads\/2023\/01\/Aac63TKc-768x433.jpg 768w, https:\/\/kbconciergerie.eu\/wp-content\/uploads\/2023\/01\/Aac63TKc.jpg 1500w\" sizes=\"auto, (max-width: 1024px) 100vw, 1024px\" \/><\/figure>\n\n\n\n<figure class=\"wp-block-gallery has-nested-images columns-default is-cropped wp-block-gallery-4 is-layout-flex wp-block-gallery-is-layout-flex\">\n<figure class=\"wp-block-image size-large\"><img loading=\"lazy\" decoding=\"async\" width=\"768\" height=\"1024\" data-id=\"974\" src=\"https:\/\/kbconciergerie.eu\/wp-content\/uploads\/2023\/01\/ker8bnME-768x1024.jpg\" alt=\"\" class=\"wp-image-974\" srcset=\"https:\/\/kbconciergerie.eu\/wp-content\/uploads\/2023\/01\/ker8bnME-768x1024.jpg 768w, https:\/\/kbconciergerie.eu\/wp-content\/uploads\/2023\/01\/ker8bnME-225x300.jpg 225w, https:\/\/kbconciergerie.eu\/wp-content\/uploads\/2023\/01\/ker8bnME-1152x1536.jpg 1152w, https:\/\/kbconciergerie.eu\/wp-content\/uploads\/2023\/01\/ker8bnME-scaled.jpg 1920w\" sizes=\"auto, (max-width: 768px) 100vw, 768px\" \/><\/figure>\n\n\n\n<figure class=\"wp-block-image size-large\"><img loading=\"lazy\" decoding=\"async\" width=\"768\" height=\"1024\" data-id=\"980\" src=\"https:\/\/kbconciergerie.eu\/wp-content\/uploads\/2023\/01\/Pxp6IctM-768x1024.jpg\" alt=\"\" class=\"wp-image-980\" srcset=\"https:\/\/kbconciergerie.eu\/wp-content\/uploads\/2023\/01\/Pxp6IctM-768x1024.jpg 768w, https:\/\/kbconciergerie.eu\/wp-content\/uploads\/2023\/01\/Pxp6IctM-225x300.jpg 225w, https:\/\/kbconciergerie.eu\/wp-content\/uploads\/2023\/01\/Pxp6IctM-1152x1536.jpg 1152w, https:\/\/kbconciergerie.eu\/wp-content\/uploads\/2023\/01\/Pxp6IctM-scaled.jpg 1920w\" sizes=\"auto, (max-width: 768px) 100vw, 768px\" \/><\/figure>\n<\/figure>\n","protected":false},"excerpt":{"rendered":"<p>\u00ab\u00a0A tout seigneur tout honneur\u00a0\u00bb Comme beaucoup, nous avons commenc\u00e9 notre activit\u00e9 en louant notre maison pour pouvoir l&rsquo;entretenir et la restaurer. Demeure historique \u00e0 150 m de la c\u00e9l\u00e8bre Cath\u00e9drale. Un havre de Paix et de silence en plein c\u0153ur de ville. 600 m\u00b2 habitables avec des volumes hors normes jusqu&rsquo;\u00e0 7 m de&hellip; <br \/> <a class=\"read-more\" href=\"https:\/\/kbconciergerie.eu\/?page_id=924\">Lire la suite<\/a><\/p>\n","protected":false},"author":1,"featured_media":0,"parent":0,"menu_order":0,"comment_status":"closed","ping_status":"closed","template":"","meta":{"footnotes":""},"class_list":["post-924","page","type-page","status-publish","hentry"],"_links":{"self":[{"href":"https:\/\/kbconciergerie.eu\/index.php?rest_route=\/wp\/v2\/pages\/924","targetHints":{"allow":["GET"]}}],"collection":[{"href":"https:\/\/kbconciergerie.eu\/index.php?rest_route=\/wp\/v2\/pages"}],"about":[{"href":"https:\/\/kbconciergerie.eu\/index.php?rest_route=\/wp\/v2\/types\/page"}],"author":[{"embeddable":true,"href":"https:\/\/kbconciergerie.eu\/index.php?rest_route=\/wp\/v2\/users\/1"}],"replies":[{"embeddable":true,"href":"https:\/\/kbconciergerie.eu\/index.php?rest_route=%2Fwp%2Fv2%2Fcomments&post=924"}],"version-history":[{"count":2,"href":"https:\/\/kbconciergerie.eu\/index.php?rest_route=\/wp\/v2\/pages\/924\/revisions"}],"predecessor-version":[{"id":2412,"href":"https:\/\/kbconciergerie.eu\/index.php?rest_route=\/wp\/v2\/pages\/924\/revisions\/2412"}],"wp:attachment":[{"href":"https:\/\/kbconciergerie.eu\/index.php?rest_route=%2Fwp%2Fv2%2Fmedia&parent=924"}],"curies":[{"name":"wp","href":"https:\/\/api.w.org\/{rel}","templated":true}]}}